{"id":3021,"date":"2022-04-21T10:41:52","date_gmt":"2022-04-21T10:41:52","guid":{"rendered":"https:\/\/poianamucenicului.ro\/boutique-hotel-restaurant\/"},"modified":"2024-07-12T07:52:15","modified_gmt":"2024-07-12T07:52:15","slug":"boutique-hotel-restaurant","status":"publish","type":"page","link":"https:\/\/poianamucenicului.ro\/en\/boutique-hotel-restaurant\/","title":{"rendered":"Boutique hotel restaurant"},"content":{"rendered":"\t\t<div data-elementor-type=\"wp-page\" data-elementor-id=\"3021\" class=\"elementor elementor-3021 elementor-470\" data-elementor-post-type=\"page\">\n\t\t\t\t\t\t<section class=\"elementor-section elementor-top-section elementor-element elementor-element-e41e332 elementor-section-full_width elementor-section-content-top elementor-reverse-mobile elementor-section-height-default elementor-section-height-default\" data-id=\"e41e332\" data-element_type=\"section\" data-e-type=\"section\">\n\t\t\t\t\t\t<div class=\"elementor-container elementor-column-gap-no\">\n\t\t\t\t\t<div class=\"elementor-column elementor-col-50 elementor-top-column elementor-element elementor-element-a98da91\" data-id=\"a98da91\" data-element_type=\"column\" data-e-type=\"column\">\n\t\t\t<div class=\"elementor-widget-wrap elementor-element-populated\">\n\t\t\t\t\t\t<div class=\"elementor-element elementor-element-fee9196 elementor-widget__width-initial elementor-widget elementor-widget-heading\" data-id=\"fee9196\" data-element_type=\"widget\" data-e-type=\"widget\" data-widget_type=\"heading.default\">\n\t\t\t\t<div class=\"elementor-widget-container\">\n\t\t\t\t\t<h1 class=\"elementor-heading-title elementor-size-default\">RESTAURANT<\/h1>\t\t\t\t<\/div>\n\t\t\t\t<\/div>\n\t\t\t\t<div class=\"elementor-element elementor-element-f1178d4 elementor-widget__width-initial elementor-invisible elementor-widget elementor-widget-heading\" data-id=\"f1178d4\" data-element_type=\"widget\" data-e-type=\"widget\" data-settings=\"{&quot;_animation&quot;:&quot;fadeInDown&quot;}\" data-widget_type=\"heading.default\">\n\t\t\t\t<div class=\"elementor-widget-container\">\n\t\t\t\t\t<h2 class=\"elementor-heading-title elementor-size-default\">we build memories<\/h2>\t\t\t\t<\/div>\n\t\t\t\t<\/div>\n\t\t\t\t<div class=\"elementor-element elementor-element-8b336b0 elementor-widget__width-initial elementor-widget-mobile__width-inherit elementor-widget elementor-widget-text-editor\" data-id=\"8b336b0\" data-element_type=\"widget\" data-e-type=\"widget\" data-widget_type=\"text-editor.default\">\n\t\t\t\t<div class=\"elementor-widget-container\">\n\t\t\t\t\t\t\t\t\t<p style=\"text-align: right;\">Our restaurant and terrace have been created with passion and perseverance to offer you a truly special culinary experience. At the heart of this place, we aim to build unique memories, offering you the opportunity to discover authentic flavors and rich aromas.<\/p>\n<p style=\"text-align: right;\">Currently, the restaurant is only open for <strong>organized groups<\/strong> or <strong>private events<\/strong>, offering an intimate and exclusive atmosphere to enjoy delicious dishes with fresh and local ingredients.<\/p>\n\t\t\t\t\t\t\t\t<\/div>\n\t\t\t\t<\/div>\n\t\t\t\t<section class=\"elementor-section elementor-inner-section elementor-element elementor-element-e179c53 elementor-section-boxed elementor-section-height-default elementor-section-height-default\" data-id=\"e179c53\" data-element_type=\"section\" data-e-type=\"section\">\n\t\t\t\t\t\t<div class=\"elementor-container elementor-column-gap-no\">\n\t\t\t\t\t<div class=\"elementor-column elementor-col-50 elementor-inner-column elementor-element elementor-element-bf8c8da\" data-id=\"bf8c8da\" data-element_type=\"column\" data-e-type=\"column\">\n\t\t\t<div class=\"elementor-widget-wrap elementor-element-populated\">\n\t\t\t\t\t\t<div class=\"elementor-element elementor-element-09c84ca elementor-widget-mobile__width-inherit elementor-widget elementor-widget-image\" data-id=\"09c84ca\" data-element_type=\"widget\" data-e-type=\"widget\" data-widget_type=\"image.default\">\n\t\t\t\t<div class=\"elementor-widget-container\">\n\t\t\t\t\t\t\t\t\t\t\t\t\t\t\t<img fetchpriority=\"high\" decoding=\"async\" width=\"1336\" height=\"2000\" src=\"https:\/\/poianamucenicului.ro\/wp-content\/uploads\/2023\/09\/Restaurant-Poiana-Mucenicului-construim-amintiri.jpg\" class=\"attachment-full size-full wp-image-2518\" alt=\"Poiana Mucenicului, restaurant, Transf\u0103g\u0103r\u0103\u0219an, construim amintiri\" srcset=\"https:\/\/poianamucenicului.ro\/wp-content\/uploads\/2023\/09\/Restaurant-Poiana-Mucenicului-construim-amintiri.jpg 1336w, https:\/\/poianamucenicului.ro\/wp-content\/uploads\/2023\/09\/Restaurant-Poiana-Mucenicului-construim-amintiri-200x300.jpg 200w, https:\/\/poianamucenicului.ro\/wp-content\/uploads\/2023\/09\/Restaurant-Poiana-Mucenicului-construim-amintiri-684x1024.jpg 684w, https:\/\/poianamucenicului.ro\/wp-content\/uploads\/2023\/09\/Restaurant-Poiana-Mucenicului-construim-amintiri-768x1150.jpg 768w, https:\/\/poianamucenicului.ro\/wp-content\/uploads\/2023\/09\/Restaurant-Poiana-Mucenicului-construim-amintiri-1026x1536.jpg 1026w\" sizes=\"(max-width: 1336px) 100vw, 1336px\" \/>\t\t\t\t\t\t\t\t\t\t\t\t\t\t\t<\/div>\n\t\t\t\t<\/div>\n\t\t\t\t\t<\/div>\n\t\t<\/div>\n\t\t\t\t<div class=\"elementor-column elementor-col-50 elementor-inner-column elementor-element elementor-element-4ba9e24\" data-id=\"4ba9e24\" data-element_type=\"column\" data-e-type=\"column\">\n\t\t\t<div class=\"elementor-widget-wrap elementor-element-populated\">\n\t\t\t\t\t\t<div class=\"elementor-element elementor-element-2614698 animated-slow elementor-widget-mobile__width-inherit elementor-invisible elementor-widget elementor-widget-image\" data-id=\"2614698\" data-element_type=\"widget\" data-e-type=\"widget\" data-settings=\"{&quot;_animation&quot;:&quot;fadeInUp&quot;}\" data-widget_type=\"image.default\">\n\t\t\t\t<div class=\"elementor-widget-container\">\n\t\t\t\t\t\t\t\t\t\t\t\t\t\t\t<img decoding=\"async\" width=\"1373\" height=\"2000\" src=\"https:\/\/poianamucenicului.ro\/wp-content\/uploads\/2022\/05\/Verde-grija-pentru-natura-Poiana-Mucenicului.jpg\" class=\"attachment-full size-full wp-image-2485\" alt=\"Verde, grij\u0103 pentru natur\u0103, Poiana Mucenicului\" srcset=\"https:\/\/poianamucenicului.ro\/wp-content\/uploads\/2022\/05\/Verde-grija-pentru-natura-Poiana-Mucenicului.jpg 1373w, https:\/\/poianamucenicului.ro\/wp-content\/uploads\/2022\/05\/Verde-grija-pentru-natura-Poiana-Mucenicului-206x300.jpg 206w, https:\/\/poianamucenicului.ro\/wp-content\/uploads\/2022\/05\/Verde-grija-pentru-natura-Poiana-Mucenicului-703x1024.jpg 703w, https:\/\/poianamucenicului.ro\/wp-content\/uploads\/2022\/05\/Verde-grija-pentru-natura-Poiana-Mucenicului-768x1119.jpg 768w, https:\/\/poianamucenicului.ro\/wp-content\/uploads\/2022\/05\/Verde-grija-pentru-natura-Poiana-Mucenicului-1054x1536.jpg 1054w\" sizes=\"(max-width: 1373px) 100vw, 1373px\" \/>\t\t\t\t\t\t\t\t\t\t\t\t\t\t\t<\/div>\n\t\t\t\t<\/div>\n\t\t\t\t\t<\/div>\n\t\t<\/div>\n\t\t\t\t\t<\/div>\n\t\t<\/section>\n\t\t\t\t\t<\/div>\n\t\t<\/div>\n\t\t\t\t<div class=\"elementor-column elementor-col-50 elementor-top-column elementor-element elementor-element-9f2ad16\" data-id=\"9f2ad16\" data-element_type=\"column\" data-e-type=\"column\">\n\t\t\t<div class=\"elementor-widget-wrap elementor-element-populated\">\n\t\t\t\t\t\t<div class=\"elementor-element elementor-element-37738b1 elementor-widget elementor-widget-image\" data-id=\"37738b1\" data-element_type=\"widget\" data-e-type=\"widget\" data-widget_type=\"image.default\">\n\t\t\t\t<div class=\"elementor-widget-container\">\n\t\t\t\t\t\t\t\t\t\t\t\t\t\t\t<img decoding=\"async\" width=\"948\" height=\"1496\" src=\"https:\/\/poianamucenicului.ro\/wp-content\/uploads\/2022\/04\/Poiana-Mucenicului-vedere-spre-Raul-Arges.jpg\" class=\"attachment-full size-full wp-image-2296\" alt=\"Poiana Mucenicului, vedere spre R\u00e2ul Arge\u0219, restaurant boutique hotel\" srcset=\"https:\/\/poianamucenicului.ro\/wp-content\/uploads\/2022\/04\/Poiana-Mucenicului-vedere-spre-Raul-Arges.jpg 948w, https:\/\/poianamucenicului.ro\/wp-content\/uploads\/2022\/04\/Poiana-Mucenicului-vedere-spre-Raul-Arges-190x300.jpg 190w, https:\/\/poianamucenicului.ro\/wp-content\/uploads\/2022\/04\/Poiana-Mucenicului-vedere-spre-Raul-Arges-649x1024.jpg 649w, https:\/\/poianamucenicului.ro\/wp-content\/uploads\/2022\/04\/Poiana-Mucenicului-vedere-spre-Raul-Arges-768x1212.jpg 768w\" sizes=\"(max-width: 948px) 100vw, 948px\" \/>\t\t\t\t\t\t\t\t\t\t\t\t\t\t\t<\/div>\n\t\t\t\t<\/div>\n\t\t\t\t\t<\/div>\n\t\t<\/div>\n\t\t\t\t\t<\/div>\n\t\t<\/section>\n\t\t\t\t<section class=\"elementor-section elementor-top-section elementor-element elementor-element-2553443 elementor-section-boxed elementor-section-height-default elementor-section-height-default\" data-id=\"2553443\" data-element_type=\"section\" data-e-type=\"section\">\n\t\t\t\t\t\t<div class=\"elementor-container elementor-column-gap-default\">\n\t\t\t\t\t<div class=\"elementor-column elementor-col-50 elementor-top-column elementor-element elementor-element-bc44bb4\" data-id=\"bc44bb4\" data-element_type=\"column\" data-e-type=\"column\" data-settings=\"{&quot;background_background&quot;:&quot;classic&quot;}\">\n\t\t\t<div class=\"elementor-widget-wrap elementor-element-populated\">\n\t\t\t\t\t\t<div class=\"elementor-element elementor-element-d80f239 elementor-widget__width-initial elementor-cta--skin-classic elementor-animated-content elementor-bg-transform elementor-bg-transform-zoom-in elementor-widget elementor-widget-call-to-action\" data-id=\"d80f239\" data-element_type=\"widget\" data-e-type=\"widget\" data-widget_type=\"call-to-action.default\">\n\t\t\t\t<div class=\"elementor-widget-container\">\n\t\t\t\t\t\t\t<div class=\"elementor-cta\">\n\t\t\t\t\t\t\t<div class=\"elementor-cta__content\">\n\t\t\t\t\n\t\t\t\t\t\t\t\t\t<h2 class=\"elementor-cta__title elementor-cta__content-item elementor-content-item\">\n\t\t\t\t\t\tTastes and memories at the foot of F\u0103g\u0103ra\u0219 Mountains\t\t\t\t\t<\/h2>\n\t\t\t\t\n\t\t\t\t\t\t\t\t\t<div class=\"elementor-cta__description elementor-cta__content-item elementor-content-item\">\n\t\t\t\t\t\t<p>At Poiana Mucenicului, we believe in bringing the traditional cuisine of the Arge\u0219 region directly to your plate. We proudly use fresh ingredients from local producers as well as quality products from reputable retailers. The result is an authentic culinary experience that will connect you to the traditions and flavors of this beautiful part of Romania.<\/p>\n<p>Whether you choose to enjoy a meal inside our restaurant, with a capacity of 50 seats, or to enjoy lunch or dinner on our terrace, you will be surrounded by the beauty of nature. The picturesque view, the quiet sounds of the forest and the fresh air will accompany you throughout the culinary experience.<\/p>\n\t\t\t\t\t<\/div>\n\t\t\t\t\n\t\t\t\t\t\t\t\t\t<div class=\"elementor-cta__button-wrapper elementor-cta__content-item elementor-content-item \">\n\t\t\t\t\t<a class=\"elementor-cta__button elementor-button elementor-size-\" href=\"https:\/\/poianamucenicului.ro\/en\/contact-poiana-mucenicului\/\">\n\t\t\t\t\t\tContact us and book a place\t\t\t\t\t<\/a>\n\t\t\t\t\t<\/div>\n\t\t\t\t\t\t\t<\/div>\n\t\t\t\t\t\t<\/div>\n\t\t\t\t\t\t<\/div>\n\t\t\t\t<\/div>\n\t\t\t\t\t<\/div>\n\t\t<\/div>\n\t\t\t\t<div class=\"elementor-column elementor-col-25 elementor-top-column elementor-element elementor-element-ab43791\" data-id=\"ab43791\" data-element_type=\"column\" data-e-type=\"column\" data-settings=\"{&quot;background_background&quot;:&quot;classic&quot;}\">\n\t\t\t<div class=\"elementor-widget-wrap elementor-element-populated\">\n\t\t\t\t\t\t<div class=\"elementor-element elementor-element-c481c20 elementor-widget elementor-widget-spacer\" data-id=\"c481c20\" data-element_type=\"widget\" data-e-type=\"widget\" data-widget_type=\"spacer.default\">\n\t\t\t\t<div class=\"elementor-widget-container\">\n\t\t\t\t\t\t\t<div class=\"elementor-spacer\">\n\t\t\t<div class=\"elementor-spacer-inner\"><\/div>\n\t\t<\/div>\n\t\t\t\t\t\t<\/div>\n\t\t\t\t<\/div>\n\t\t\t\t<div class=\"elementor-element elementor-element-79c2f45 elementor-widget elementor-widget-heading\" data-id=\"79c2f45\" data-element_type=\"widget\" data-e-type=\"widget\" data-widget_type=\"heading.default\">\n\t\t\t\t<div class=\"elementor-widget-container\">\n\t\t\t\t\t<h2 class=\"elementor-heading-title elementor-size-default\">natural<\/h2>\t\t\t\t<\/div>\n\t\t\t\t<\/div>\n\t\t\t\t\t<\/div>\n\t\t<\/div>\n\t\t\t\t<div class=\"elementor-column elementor-col-25 elementor-top-column elementor-element elementor-element-454e442\" data-id=\"454e442\" data-element_type=\"column\" data-e-type=\"column\" data-settings=\"{&quot;background_background&quot;:&quot;classic&quot;}\">\n\t\t\t<div class=\"elementor-widget-wrap elementor-element-populated\">\n\t\t\t\t\t\t<div class=\"elementor-element elementor-element-e653e99 elementor-widget elementor-widget-spacer\" data-id=\"e653e99\" data-element_type=\"widget\" data-e-type=\"widget\" data-widget_type=\"spacer.default\">\n\t\t\t\t<div class=\"elementor-widget-container\">\n\t\t\t\t\t\t\t<div class=\"elementor-spacer\">\n\t\t\t<div class=\"elementor-spacer-inner\"><\/div>\n\t\t<\/div>\n\t\t\t\t\t\t<\/div>\n\t\t\t\t<\/div>\n\t\t\t\t<div class=\"elementor-element elementor-element-429331c elementor-widget elementor-widget-heading\" data-id=\"429331c\" data-element_type=\"widget\" data-e-type=\"widget\" data-widget_type=\"heading.default\">\n\t\t\t\t<div class=\"elementor-widget-container\">\n\t\t\t\t\t<h2 class=\"elementor-heading-title elementor-size-default\">traditional<\/h2>\t\t\t\t<\/div>\n\t\t\t\t<\/div>\n\t\t\t\t\t<\/div>\n\t\t<\/div>\n\t\t\t\t\t<\/div>\n\t\t<\/section>\n\t\t\t\t<\/div>\n\t\t","protected":false},"excerpt":{"rendered":"<p>RESTAURANT we build memories Our restaurant and terrace have been created with passion and perseverance to offer you a truly special culinary experience. At the heart of this place, we aim to build unique memories, offering you the opportunity to discover authentic flavors and rich aromas. Currently, the restaurant is only open for organized groups [&hellip;]<\/p>\n","protected":false},"author":1,"featured_media":0,"parent":0,"menu_order":0,"comment_status":"closed","ping_status":"closed","template":"","meta":{"inline_featured_image":false,"footnotes":""},"class_list":["post-3021","page","type-page","status-publish","hentry"],"_links":{"self":[{"href":"https:\/\/poianamucenicului.ro\/en\/wp-json\/wp\/v2\/pages\/3021","targetHints":{"allow":["GET"]}}],"collection":[{"href":"https:\/\/poianamucenicului.ro\/en\/wp-json\/wp\/v2\/pages"}],"about":[{"href":"https:\/\/poianamucenicului.ro\/en\/wp-json\/wp\/v2\/types\/page"}],"author":[{"embeddable":true,"href":"https:\/\/poianamucenicului.ro\/en\/wp-json\/wp\/v2\/users\/1"}],"replies":[{"embeddable":true,"href":"https:\/\/poianamucenicului.ro\/en\/wp-json\/wp\/v2\/comments?post=3021"}],"version-history":[{"count":23,"href":"https:\/\/poianamucenicului.ro\/en\/wp-json\/wp\/v2\/pages\/3021\/revisions"}],"predecessor-version":[{"id":4080,"href":"https:\/\/poianamucenicului.ro\/en\/wp-json\/wp\/v2\/pages\/3021\/revisions\/4080"}],"wp:attachment":[{"href":"https:\/\/poianamucenicului.ro\/en\/wp-json\/wp\/v2\/media?parent=3021"}],"curies":[{"name":"wp","href":"https:\/\/api.w.org\/{rel}","templated":true}]}}