{"id":3025,"date":"2022-04-21T10:13:03","date_gmt":"2022-04-21T10:13:03","guid":{"rendered":"https:\/\/poianamucenicului.ro\/tales-of-the-place\/"},"modified":"2024-03-08T08:11:15","modified_gmt":"2024-03-08T08:11:15","slug":"tales-of-the-place","status":"publish","type":"page","link":"https:\/\/poianamucenicului.ro\/en\/tales-of-the-place\/","title":{"rendered":"Tales of the place"},"content":{"rendered":"\t\t<div data-elementor-type=\"wp-page\" data-elementor-id=\"3025\" class=\"elementor elementor-3025 elementor-434\" data-elementor-post-type=\"page\">\n\t\t\t\t\t\t<section class=\"elementor-section elementor-top-section elementor-element elementor-element-e5fafa6 elementor-section-boxed elementor-section-height-default elementor-section-height-default\" data-id=\"e5fafa6\" data-element_type=\"section\" data-e-type=\"section\">\n\t\t\t\t\t\t<div class=\"elementor-container elementor-column-gap-default\">\n\t\t\t\t\t<div class=\"elementor-column elementor-col-100 elementor-top-column elementor-element elementor-element-3e7bcba\" data-id=\"3e7bcba\" data-element_type=\"column\" data-e-type=\"column\">\n\t\t\t<div class=\"elementor-widget-wrap elementor-element-populated\">\n\t\t\t\t\t\t<div class=\"elementor-element elementor-element-32cee5d elementor-widget elementor-widget-heading\" data-id=\"32cee5d\" data-element_type=\"widget\" data-e-type=\"widget\" data-widget_type=\"heading.default\">\n\t\t\t\t<div class=\"elementor-widget-container\">\n\t\t\t\t\t<h1 class=\"elementor-heading-title elementor-size-default\">TALES OF THE PLACE<\/h1>\t\t\t\t<\/div>\n\t\t\t\t<\/div>\n\t\t\t\t<div class=\"elementor-element elementor-element-49ed1c8 elementor-widget elementor-widget-text-editor\" data-id=\"49ed1c8\" data-element_type=\"widget\" data-e-type=\"widget\" data-widget_type=\"text-editor.default\">\n\t\t\t\t<div class=\"elementor-widget-container\">\n\t\t\t\t\t\t\t\t\t<p style=\"text-align: center;\">Discover the beauty of the place, its cultural richness, and the diversity of attractions you can visit, through our blog articles.<\/p>\n\t\t\t\t\t\t\t\t<\/div>\n\t\t\t\t<\/div>\n\t\t\t\t<div class=\"elementor-element elementor-element-10f19cd elementor-grid-4 elementor-grid-tablet-2 elementor-grid-mobile-1 elementor-posts--thumbnail-top elementor-widget elementor-widget-posts\" data-id=\"10f19cd\" data-element_type=\"widget\" data-e-type=\"widget\" data-settings=\"{&quot;classic_columns&quot;:&quot;4&quot;,&quot;classic_columns_tablet&quot;:&quot;2&quot;,&quot;classic_columns_mobile&quot;:&quot;1&quot;,&quot;classic_row_gap&quot;:{&quot;unit&quot;:&quot;px&quot;,&quot;size&quot;:35,&quot;sizes&quot;:[]},&quot;classic_row_gap_tablet&quot;:{&quot;unit&quot;:&quot;px&quot;,&quot;size&quot;:&quot;&quot;,&quot;sizes&quot;:[]},&quot;classic_row_gap_mobile&quot;:{&quot;unit&quot;:&quot;px&quot;,&quot;size&quot;:&quot;&quot;,&quot;sizes&quot;:[]}}\" data-widget_type=\"posts.classic\">\n\t\t\t\t<div class=\"elementor-widget-container\">\n\t\t\t\t\t\t\t<div class=\"elementor-posts-container elementor-posts elementor-posts--skin-classic elementor-grid\" role=\"list\">\n\t\t\t\t<article class=\"elementor-post elementor-grid-item post-3055 post type-post status-publish format-standard has-post-thumbnail hentry category-stories-of-the-place\" role=\"listitem\">\n\t\t\t\t<a class=\"elementor-post__thumbnail__link\" href=\"https:\/\/poianamucenicului.ro\/en\/poiana-mucenicului-brief-legend\/\" tabindex=\"-1\" >\n\t\t\t<div class=\"elementor-post__thumbnail\"><img fetchpriority=\"high\" decoding=\"async\" width=\"1373\" height=\"2000\" src=\"https:\/\/poianamucenicului.ro\/wp-content\/uploads\/2022\/05\/Verde-grija-pentru-natura-Poiana-Mucenicului.jpg\" class=\"attachment-full size-full wp-image-2485\" alt=\"Verde, grij\u0103 pentru natur\u0103, Poiana Mucenicului\" srcset=\"https:\/\/poianamucenicului.ro\/wp-content\/uploads\/2022\/05\/Verde-grija-pentru-natura-Poiana-Mucenicului.jpg 1373w, https:\/\/poianamucenicului.ro\/wp-content\/uploads\/2022\/05\/Verde-grija-pentru-natura-Poiana-Mucenicului-206x300.jpg 206w, https:\/\/poianamucenicului.ro\/wp-content\/uploads\/2022\/05\/Verde-grija-pentru-natura-Poiana-Mucenicului-703x1024.jpg 703w, https:\/\/poianamucenicului.ro\/wp-content\/uploads\/2022\/05\/Verde-grija-pentru-natura-Poiana-Mucenicului-768x1119.jpg 768w, https:\/\/poianamucenicului.ro\/wp-content\/uploads\/2022\/05\/Verde-grija-pentru-natura-Poiana-Mucenicului-1054x1536.jpg 1054w\" sizes=\"(max-width: 1373px) 100vw, 1373px\" \/><\/div>\n\t\t<\/a>\n\t\t\t\t<div class=\"elementor-post__text\">\n\t\t\t\t<h3 class=\"elementor-post__title\">\n\t\t\t<a href=\"https:\/\/poianamucenicului.ro\/en\/poiana-mucenicului-brief-legend\/\" >\n\t\t\t\tPoiana Mucenicului &#8211; brief legend\t\t\t<\/a>\n\t\t<\/h3>\n\t\t\t\t<div class=\"elementor-post__meta-data\">\n\t\t\t\t\t<span class=\"elementor-post-date\">\n\t\t\tOctober 9, 2023\t\t<\/span>\n\t\t\t\t<\/div>\n\t\t\n\t\t<a class=\"elementor-post__read-more\" href=\"https:\/\/poianamucenicului.ro\/en\/poiana-mucenicului-brief-legend\/\" aria-label=\"Read more about Poiana Mucenicului &#8211; brief legend\" tabindex=\"-1\" >\n\t\t\tRead more \u00bb\t\t<\/a>\n\n\t\t\t\t<\/div>\n\t\t\t\t<\/article>\n\t\t\t\t<article class=\"elementor-post elementor-grid-item post-3057 post type-post status-publish format-standard has-post-thumbnail hentry category-stories-of-the-place category-uncategorized\" role=\"listitem\">\n\t\t\t\t<a class=\"elementor-post__thumbnail__link\" href=\"https:\/\/poianamucenicului.ro\/en\/we-explore-vidraru-lake-by-kayak-and-canoe\/\" tabindex=\"-1\" >\n\t\t\t<div class=\"elementor-post__thumbnail\"><img decoding=\"async\" width=\"1200\" height=\"2000\" src=\"https:\/\/poianamucenicului.ro\/wp-content\/uploads\/2023\/10\/Descoperim-Lacul-Vidraru-pe-caiac-si-canoe-2.jpg\" class=\"attachment-full size-full wp-image-2543\" alt=\"\" srcset=\"https:\/\/poianamucenicului.ro\/wp-content\/uploads\/2023\/10\/Descoperim-Lacul-Vidraru-pe-caiac-si-canoe-2.jpg 1200w, https:\/\/poianamucenicului.ro\/wp-content\/uploads\/2023\/10\/Descoperim-Lacul-Vidraru-pe-caiac-si-canoe-2-180x300.jpg 180w, https:\/\/poianamucenicului.ro\/wp-content\/uploads\/2023\/10\/Descoperim-Lacul-Vidraru-pe-caiac-si-canoe-2-614x1024.jpg 614w, https:\/\/poianamucenicului.ro\/wp-content\/uploads\/2023\/10\/Descoperim-Lacul-Vidraru-pe-caiac-si-canoe-2-768x1280.jpg 768w, https:\/\/poianamucenicului.ro\/wp-content\/uploads\/2023\/10\/Descoperim-Lacul-Vidraru-pe-caiac-si-canoe-2-922x1536.jpg 922w\" sizes=\"(max-width: 1200px) 100vw, 1200px\" \/><\/div>\n\t\t<\/a>\n\t\t\t\t<div class=\"elementor-post__text\">\n\t\t\t\t<h3 class=\"elementor-post__title\">\n\t\t\t<a href=\"https:\/\/poianamucenicului.ro\/en\/we-explore-vidraru-lake-by-kayak-and-canoe\/\" >\n\t\t\t\tExplore Vidraru Lake by kayak and canoe\t\t\t<\/a>\n\t\t<\/h3>\n\t\t\t\t<div class=\"elementor-post__meta-data\">\n\t\t\t\t\t<span class=\"elementor-post-date\">\n\t\t\tOctober 3, 2023\t\t<\/span>\n\t\t\t\t<\/div>\n\t\t\n\t\t<a class=\"elementor-post__read-more\" href=\"https:\/\/poianamucenicului.ro\/en\/we-explore-vidraru-lake-by-kayak-and-canoe\/\" aria-label=\"Read more about Explore Vidraru Lake by kayak and canoe\" tabindex=\"-1\" >\n\t\t\tRead more \u00bb\t\t<\/a>\n\n\t\t\t\t<\/div>\n\t\t\t\t<\/article>\n\t\t\t\t<article class=\"elementor-post elementor-grid-item post-3087 post type-post status-publish format-standard has-post-thumbnail hentry category-stories-of-the-place category-uncategorized\" role=\"listitem\">\n\t\t\t\t<a class=\"elementor-post__thumbnail__link\" href=\"https:\/\/poianamucenicului.ro\/en\/curtea-de-arges\/\" tabindex=\"-1\" >\n\t\t\t<div class=\"elementor-post__thumbnail\"><img decoding=\"async\" width=\"1200\" height=\"2000\" src=\"https:\/\/poianamucenicului.ro\/wp-content\/uploads\/2023\/09\/Curtea-de-Arges-orasul-regal.jpg\" class=\"attachment-full size-full wp-image-2530\" alt=\"Curtea de Arge\u0219, ora\u0219ul regal, fotografii Poiana Mucenicului\" srcset=\"https:\/\/poianamucenicului.ro\/wp-content\/uploads\/2023\/09\/Curtea-de-Arges-orasul-regal.jpg 1200w, https:\/\/poianamucenicului.ro\/wp-content\/uploads\/2023\/09\/Curtea-de-Arges-orasul-regal-180x300.jpg 180w, https:\/\/poianamucenicului.ro\/wp-content\/uploads\/2023\/09\/Curtea-de-Arges-orasul-regal-614x1024.jpg 614w, https:\/\/poianamucenicului.ro\/wp-content\/uploads\/2023\/09\/Curtea-de-Arges-orasul-regal-768x1280.jpg 768w, https:\/\/poianamucenicului.ro\/wp-content\/uploads\/2023\/09\/Curtea-de-Arges-orasul-regal-922x1536.jpg 922w\" sizes=\"(max-width: 1200px) 100vw, 1200px\" \/><\/div>\n\t\t<\/a>\n\t\t\t\t<div class=\"elementor-post__text\">\n\t\t\t\t<h3 class=\"elementor-post__title\">\n\t\t\t<a href=\"https:\/\/poianamucenicului.ro\/en\/curtea-de-arges\/\" >\n\t\t\t\tCurtea de Arges\t\t\t<\/a>\n\t\t<\/h3>\n\t\t\t\t<div class=\"elementor-post__meta-data\">\n\t\t\t\t\t<span class=\"elementor-post-date\">\n\t\t\tSeptember 21, 2023\t\t<\/span>\n\t\t\t\t<\/div>\n\t\t\n\t\t<a class=\"elementor-post__read-more\" href=\"https:\/\/poianamucenicului.ro\/en\/curtea-de-arges\/\" aria-label=\"Read more about Curtea de Arges\" tabindex=\"-1\" >\n\t\t\tRead more \u00bb\t\t<\/a>\n\n\t\t\t\t<\/div>\n\t\t\t\t<\/article>\n\t\t\t\t<article class=\"elementor-post elementor-grid-item post-3089 post type-post status-publish format-standard has-post-thumbnail hentry category-stories-of-the-place category-uncategorized\" role=\"listitem\">\n\t\t\t\t<a class=\"elementor-post__thumbnail__link\" href=\"https:\/\/poianamucenicului.ro\/en\/poienari-citadel\/\" tabindex=\"-1\" >\n\t\t\t<div class=\"elementor-post__thumbnail\"><img loading=\"lazy\" decoding=\"async\" width=\"1200\" height=\"2000\" src=\"https:\/\/poianamucenicului.ro\/wp-content\/uploads\/2023\/09\/Cetatea-Poienari-Vlad-Tepes-Transfagarasan.jpg\" class=\"attachment-full size-full wp-image-2529\" alt=\"Cetatea Poienari, Vlad \u021aepe\u0219 Transf\u0103g\u0103r\u0103\u0219an,fotografii Poiana Mucenicului\" srcset=\"https:\/\/poianamucenicului.ro\/wp-content\/uploads\/2023\/09\/Cetatea-Poienari-Vlad-Tepes-Transfagarasan.jpg 1200w, https:\/\/poianamucenicului.ro\/wp-content\/uploads\/2023\/09\/Cetatea-Poienari-Vlad-Tepes-Transfagarasan-180x300.jpg 180w, https:\/\/poianamucenicului.ro\/wp-content\/uploads\/2023\/09\/Cetatea-Poienari-Vlad-Tepes-Transfagarasan-614x1024.jpg 614w, https:\/\/poianamucenicului.ro\/wp-content\/uploads\/2023\/09\/Cetatea-Poienari-Vlad-Tepes-Transfagarasan-768x1280.jpg 768w, https:\/\/poianamucenicului.ro\/wp-content\/uploads\/2023\/09\/Cetatea-Poienari-Vlad-Tepes-Transfagarasan-922x1536.jpg 922w\" sizes=\"(max-width: 1200px) 100vw, 1200px\" \/><\/div>\n\t\t<\/a>\n\t\t\t\t<div class=\"elementor-post__text\">\n\t\t\t\t<h3 class=\"elementor-post__title\">\n\t\t\t<a href=\"https:\/\/poianamucenicului.ro\/en\/poienari-citadel\/\" >\n\t\t\t\tPoenari Fortress\t\t\t<\/a>\n\t\t<\/h3>\n\t\t\t\t<div class=\"elementor-post__meta-data\">\n\t\t\t\t\t<span class=\"elementor-post-date\">\n\t\t\tSeptember 21, 2023\t\t<\/span>\n\t\t\t\t<\/div>\n\t\t\n\t\t<a class=\"elementor-post__read-more\" href=\"https:\/\/poianamucenicului.ro\/en\/poienari-citadel\/\" aria-label=\"Read more about Poenari Fortress\" tabindex=\"-1\" >\n\t\t\tRead more \u00bb\t\t<\/a>\n\n\t\t\t\t<\/div>\n\t\t\t\t<\/article>\n\t\t\t\t<article class=\"elementor-post elementor-grid-item post-3091 post type-post status-publish format-standard has-post-thumbnail hentry category-stories-of-the-place category-uncategorized\" role=\"listitem\">\n\t\t\t\t<a class=\"elementor-post__thumbnail__link\" href=\"https:\/\/poianamucenicului.ro\/en\/balea-lake\/\" tabindex=\"-1\" >\n\t\t\t<div class=\"elementor-post__thumbnail\"><img loading=\"lazy\" decoding=\"async\" width=\"1200\" height=\"2000\" src=\"https:\/\/poianamucenicului.ro\/wp-content\/uploads\/2023\/09\/Balea-Balea-lac-Transfagarasan.jpg\" class=\"attachment-full size-full wp-image-2528\" alt=\"B\u00e2lea, B\u00e2lea lac, Transf\u0103g\u0103r\u0103\u0219an,fotografii Poiana Mucenicului\" srcset=\"https:\/\/poianamucenicului.ro\/wp-content\/uploads\/2023\/09\/Balea-Balea-lac-Transfagarasan.jpg 1200w, https:\/\/poianamucenicului.ro\/wp-content\/uploads\/2023\/09\/Balea-Balea-lac-Transfagarasan-180x300.jpg 180w, https:\/\/poianamucenicului.ro\/wp-content\/uploads\/2023\/09\/Balea-Balea-lac-Transfagarasan-614x1024.jpg 614w, https:\/\/poianamucenicului.ro\/wp-content\/uploads\/2023\/09\/Balea-Balea-lac-Transfagarasan-768x1280.jpg 768w, https:\/\/poianamucenicului.ro\/wp-content\/uploads\/2023\/09\/Balea-Balea-lac-Transfagarasan-922x1536.jpg 922w\" sizes=\"(max-width: 1200px) 100vw, 1200px\" \/><\/div>\n\t\t<\/a>\n\t\t\t\t<div class=\"elementor-post__text\">\n\t\t\t\t<h3 class=\"elementor-post__title\">\n\t\t\t<a href=\"https:\/\/poianamucenicului.ro\/en\/balea-lake\/\" >\n\t\t\t\tB\u00e2lea Lake\t\t\t<\/a>\n\t\t<\/h3>\n\t\t\t\t<div class=\"elementor-post__meta-data\">\n\t\t\t\t\t<span class=\"elementor-post-date\">\n\t\t\tSeptember 21, 2023\t\t<\/span>\n\t\t\t\t<\/div>\n\t\t\n\t\t<a class=\"elementor-post__read-more\" href=\"https:\/\/poianamucenicului.ro\/en\/balea-lake\/\" aria-label=\"Read more about B\u00e2lea Lake\" tabindex=\"-1\" >\n\t\t\tRead more \u00bb\t\t<\/a>\n\n\t\t\t\t<\/div>\n\t\t\t\t<\/article>\n\t\t\t\t<article class=\"elementor-post elementor-grid-item post-3106 post type-post status-publish format-standard has-post-thumbnail hentry category-stories-of-the-place category-uncategorized\" role=\"listitem\">\n\t\t\t\t<a class=\"elementor-post__thumbnail__link\" href=\"https:\/\/poianamucenicului.ro\/en\/transfagarasan\/\" tabindex=\"-1\" >\n\t\t\t<div class=\"elementor-post__thumbnail\"><img loading=\"lazy\" decoding=\"async\" width=\"1200\" height=\"2000\" src=\"https:\/\/poianamucenicului.ro\/wp-content\/uploads\/2023\/09\/Transfagarasan.jpg\" class=\"attachment-full size-full wp-image-2527\" alt=\"\" srcset=\"https:\/\/poianamucenicului.ro\/wp-content\/uploads\/2023\/09\/Transfagarasan.jpg 1200w, https:\/\/poianamucenicului.ro\/wp-content\/uploads\/2023\/09\/Transfagarasan-180x300.jpg 180w, https:\/\/poianamucenicului.ro\/wp-content\/uploads\/2023\/09\/Transfagarasan-614x1024.jpg 614w, https:\/\/poianamucenicului.ro\/wp-content\/uploads\/2023\/09\/Transfagarasan-768x1280.jpg 768w, https:\/\/poianamucenicului.ro\/wp-content\/uploads\/2023\/09\/Transfagarasan-922x1536.jpg 922w\" sizes=\"(max-width: 1200px) 100vw, 1200px\" \/><\/div>\n\t\t<\/a>\n\t\t\t\t<div class=\"elementor-post__text\">\n\t\t\t\t<h3 class=\"elementor-post__title\">\n\t\t\t<a href=\"https:\/\/poianamucenicului.ro\/en\/transfagarasan\/\" >\n\t\t\t\tTransf\u0103g\u0103r\u0103\u0219an\t\t\t<\/a>\n\t\t<\/h3>\n\t\t\t\t<div class=\"elementor-post__meta-data\">\n\t\t\t\t\t<span class=\"elementor-post-date\">\n\t\t\tSeptember 21, 2023\t\t<\/span>\n\t\t\t\t<\/div>\n\t\t\n\t\t<a class=\"elementor-post__read-more\" href=\"https:\/\/poianamucenicului.ro\/en\/transfagarasan\/\" aria-label=\"Read more about Transf\u0103g\u0103r\u0103\u0219an\" tabindex=\"-1\" >\n\t\t\tRead more \u00bb\t\t<\/a>\n\n\t\t\t\t<\/div>\n\t\t\t\t<\/article>\n\t\t\t\t<article class=\"elementor-post elementor-grid-item post-3108 post type-post status-publish format-standard has-post-thumbnail hentry category-stories-of-the-place category-uncategorized\" role=\"listitem\">\n\t\t\t\t<a class=\"elementor-post__thumbnail__link\" href=\"https:\/\/poianamucenicului.ro\/en\/vidraru-lake-vidraru-dam\/\" tabindex=\"-1\" >\n\t\t\t<div class=\"elementor-post__thumbnail\"><img loading=\"lazy\" decoding=\"async\" width=\"1200\" height=\"2000\" src=\"https:\/\/poianamucenicului.ro\/wp-content\/uploads\/2023\/09\/Lacul-Vidraru-\u2013-Barajul-Vidraru.jpg\" class=\"attachment-full size-full wp-image-2526\" alt=\"\" srcset=\"https:\/\/poianamucenicului.ro\/wp-content\/uploads\/2023\/09\/Lacul-Vidraru-\u2013-Barajul-Vidraru.jpg 1200w, https:\/\/poianamucenicului.ro\/wp-content\/uploads\/2023\/09\/Lacul-Vidraru-\u2013-Barajul-Vidraru-180x300.jpg 180w, https:\/\/poianamucenicului.ro\/wp-content\/uploads\/2023\/09\/Lacul-Vidraru-\u2013-Barajul-Vidraru-614x1024.jpg 614w, https:\/\/poianamucenicului.ro\/wp-content\/uploads\/2023\/09\/Lacul-Vidraru-\u2013-Barajul-Vidraru-768x1280.jpg 768w, https:\/\/poianamucenicului.ro\/wp-content\/uploads\/2023\/09\/Lacul-Vidraru-\u2013-Barajul-Vidraru-922x1536.jpg 922w\" sizes=\"(max-width: 1200px) 100vw, 1200px\" \/><\/div>\n\t\t<\/a>\n\t\t\t\t<div class=\"elementor-post__text\">\n\t\t\t\t<h3 class=\"elementor-post__title\">\n\t\t\t<a href=\"https:\/\/poianamucenicului.ro\/en\/vidraru-lake-vidraru-dam\/\" >\n\t\t\t\tVidraru Lake and Dam\t\t\t<\/a>\n\t\t<\/h3>\n\t\t\t\t<div class=\"elementor-post__meta-data\">\n\t\t\t\t\t<span class=\"elementor-post-date\">\n\t\t\tSeptember 21, 2023\t\t<\/span>\n\t\t\t\t<\/div>\n\t\t\n\t\t<a class=\"elementor-post__read-more\" href=\"https:\/\/poianamucenicului.ro\/en\/vidraru-lake-vidraru-dam\/\" aria-label=\"Read more about Vidraru Lake and Dam\" tabindex=\"-1\" >\n\t\t\tRead more \u00bb\t\t<\/a>\n\n\t\t\t\t<\/div>\n\t\t\t\t<\/article>\n\t\t\t\t<article class=\"elementor-post elementor-grid-item post-3744 post type-post status-publish format-standard has-post-thumbnail hentry category-history category-uncategorized\" role=\"listitem\">\n\t\t\t\t<a class=\"elementor-post__thumbnail__link\" href=\"https:\/\/poianamucenicului.ro\/en\/poiana-mucenicului-the-legend\/\" tabindex=\"-1\" >\n\t\t\t<div class=\"elementor-post__thumbnail\"><img loading=\"lazy\" decoding=\"async\" width=\"2000\" height=\"1334\" src=\"https:\/\/poianamucenicului.ro\/wp-content\/uploads\/2022\/05\/Construim-amintiri-daruind-vei-dobandi-Poiana-Mucenicului.jpg\" class=\"attachment-full size-full wp-image-2466\" alt=\"Construim amintiri, d\u0103ruind vei dob\u00e2ndi, Poiana Mucenicului\" srcset=\"https:\/\/poianamucenicului.ro\/wp-content\/uploads\/2022\/05\/Construim-amintiri-daruind-vei-dobandi-Poiana-Mucenicului.jpg 2000w, https:\/\/poianamucenicului.ro\/wp-content\/uploads\/2022\/05\/Construim-amintiri-daruind-vei-dobandi-Poiana-Mucenicului-300x200.jpg 300w, https:\/\/poianamucenicului.ro\/wp-content\/uploads\/2022\/05\/Construim-amintiri-daruind-vei-dobandi-Poiana-Mucenicului-1024x683.jpg 1024w, https:\/\/poianamucenicului.ro\/wp-content\/uploads\/2022\/05\/Construim-amintiri-daruind-vei-dobandi-Poiana-Mucenicului-768x512.jpg 768w, https:\/\/poianamucenicului.ro\/wp-content\/uploads\/2022\/05\/Construim-amintiri-daruind-vei-dobandi-Poiana-Mucenicului-1536x1025.jpg 1536w\" sizes=\"(max-width: 2000px) 100vw, 2000px\" \/><\/div>\n\t\t<\/a>\n\t\t\t\t<div class=\"elementor-post__text\">\n\t\t\t\t<h3 class=\"elementor-post__title\">\n\t\t\t<a href=\"https:\/\/poianamucenicului.ro\/en\/poiana-mucenicului-the-legend\/\" >\n\t\t\t\tPoiana Mucenicului &#8211; the legend\t\t\t<\/a>\n\t\t<\/h3>\n\t\t\t\t<div class=\"elementor-post__meta-data\">\n\t\t\t\t\t<span class=\"elementor-post-date\">\n\t\t\tJune 6, 2022\t\t<\/span>\n\t\t\t\t<\/div>\n\t\t\n\t\t<a class=\"elementor-post__read-more\" href=\"https:\/\/poianamucenicului.ro\/en\/poiana-mucenicului-the-legend\/\" aria-label=\"Read more about Poiana Mucenicului &#8211; the legend\" tabindex=\"-1\" >\n\t\t\tRead more \u00bb\t\t<\/a>\n\n\t\t\t\t<\/div>\n\t\t\t\t<\/article>\n\t\t\t\t<article class=\"elementor-post elementor-grid-item post-3242 post type-post status-publish format-standard has-post-thumbnail hentry category-traditions category-uncategorized\" role=\"listitem\">\n\t\t\t\t<a class=\"elementor-post__thumbnail__link\" href=\"https:\/\/poianamucenicului.ro\/en\/the-romanian-village\/\" tabindex=\"-1\" >\n\t\t\t<div class=\"elementor-post__thumbnail\"><img loading=\"lazy\" decoding=\"async\" width=\"1200\" height=\"2000\" src=\"https:\/\/poianamucenicului.ro\/wp-content\/uploads\/2022\/05\/Satul-romanesc-Poiana-Mucenicului-construim-amintiri.jpg\" class=\"attachment-full size-full wp-image-2457\" alt=\"Satul rom\u00e2nesc, Poiana Mucenicului, construim amintiri\" srcset=\"https:\/\/poianamucenicului.ro\/wp-content\/uploads\/2022\/05\/Satul-romanesc-Poiana-Mucenicului-construim-amintiri.jpg 1200w, https:\/\/poianamucenicului.ro\/wp-content\/uploads\/2022\/05\/Satul-romanesc-Poiana-Mucenicului-construim-amintiri-180x300.jpg 180w, https:\/\/poianamucenicului.ro\/wp-content\/uploads\/2022\/05\/Satul-romanesc-Poiana-Mucenicului-construim-amintiri-614x1024.jpg 614w, https:\/\/poianamucenicului.ro\/wp-content\/uploads\/2022\/05\/Satul-romanesc-Poiana-Mucenicului-construim-amintiri-768x1280.jpg 768w, https:\/\/poianamucenicului.ro\/wp-content\/uploads\/2022\/05\/Satul-romanesc-Poiana-Mucenicului-construim-amintiri-922x1536.jpg 922w\" sizes=\"(max-width: 1200px) 100vw, 1200px\" \/><\/div>\n\t\t<\/a>\n\t\t\t\t<div class=\"elementor-post__text\">\n\t\t\t\t<h3 class=\"elementor-post__title\">\n\t\t\t<a href=\"https:\/\/poianamucenicului.ro\/en\/the-romanian-village\/\" >\n\t\t\t\tThe Romanian village\t\t\t<\/a>\n\t\t<\/h3>\n\t\t\t\t<div class=\"elementor-post__meta-data\">\n\t\t\t\t\t<span class=\"elementor-post-date\">\n\t\t\tMay 12, 2022\t\t<\/span>\n\t\t\t\t<\/div>\n\t\t\n\t\t<a class=\"elementor-post__read-more\" href=\"https:\/\/poianamucenicului.ro\/en\/the-romanian-village\/\" aria-label=\"Read more about The Romanian village\" tabindex=\"-1\" >\n\t\t\tRead more \u00bb\t\t<\/a>\n\n\t\t\t\t<\/div>\n\t\t\t\t<\/article>\n\t\t\t\t<\/div>\n\t\t\n\t\t\t\t\t\t<\/div>\n\t\t\t\t<\/div>\n\t\t\t\t\t<\/div>\n\t\t<\/div>\n\t\t\t\t\t<\/div>\n\t\t<\/section>\n\t\t\t\t<section class=\"elementor-section elementor-top-section elementor-element elementor-element-d99e76c elementor-section-full_width elementor-section-height-min-height elementor-section-items-stretch elementor-section-content-middle elementor-section-height-default\" data-id=\"d99e76c\" data-element_type=\"section\" data-e-type=\"section\" data-settings=\"{&quot;background_background&quot;:&quot;classic&quot;}\">\n\t\t\t\t\t\t<div class=\"elementor-container elementor-column-gap-no\">\n\t\t\t\t\t<div class=\"elementor-column elementor-col-50 elementor-top-column elementor-element elementor-element-2d119a8\" data-id=\"2d119a8\" data-element_type=\"column\" data-e-type=\"column\">\n\t\t\t<div class=\"elementor-widget-wrap elementor-element-populated\">\n\t\t\t\t\t\t<div class=\"elementor-element elementor-element-dd4ac45 elementor-widget elementor-widget-icon-box\" data-id=\"dd4ac45\" data-element_type=\"widget\" data-e-type=\"widget\" data-widget_type=\"icon-box.default\">\n\t\t\t\t<div class=\"elementor-widget-container\">\n\t\t\t\t\t\t\t<div class=\"elementor-icon-box-wrapper\">\n\n\t\t\t\n\t\t\t\t\t\t<div class=\"elementor-icon-box-content\">\n\n\t\t\t\t\t\t\t\t\t<h3 class=\"elementor-icon-box-title\">\n\t\t\t\t\t\t<span  >\n\t\t\t\t\t\t\tActivities at Poiana Mucenicului\t\t\t\t\t\t<\/span>\n\t\t\t\t\t<\/h3>\n\t\t\t\t\n\t\t\t\t\t\t\t\t\t<p class=\"elementor-icon-box-description\">\n\t\t\t\t\t\tDiscover what you can do in the area to relax and disconnect from the hustle and bustle of the city, as well as to activate your adventurous spirit.\t\t\t\t\t<\/p>\n\t\t\t\t\n\t\t\t<\/div>\n\t\t\t\n\t\t<\/div>\n\t\t\t\t\t\t<\/div>\n\t\t\t\t<\/div>\n\t\t\t\t<div class=\"elementor-element elementor-element-c8c1527 elementor-widget elementor-widget-button\" data-id=\"c8c1527\" data-element_type=\"widget\" data-e-type=\"widget\" data-widget_type=\"button.default\">\n\t\t\t\t<div class=\"elementor-widget-container\">\n\t\t\t\t\t\t\t\t\t<div class=\"elementor-button-wrapper\">\n\t\t\t\t\t<a class=\"elementor-button elementor-button-link elementor-size-sm\" href=\"https:\/\/poianamucenicului.ro\/en\/activities-on-transfagarasan\/\">\n\t\t\t\t\t\t<span class=\"elementor-button-content-wrapper\">\n\t\t\t\t\t\t\t\t\t<span class=\"elementor-button-text\">Discover here<\/span>\n\t\t\t\t\t<\/span>\n\t\t\t\t\t<\/a>\n\t\t\t\t<\/div>\n\t\t\t\t\t\t\t\t<\/div>\n\t\t\t\t<\/div>\n\t\t\t\t\t<\/div>\n\t\t<\/div>\n\t\t\t\t<div class=\"elementor-column elementor-col-50 elementor-top-column elementor-element elementor-element-80bb652\" data-id=\"80bb652\" data-element_type=\"column\" data-e-type=\"column\" data-settings=\"{&quot;background_background&quot;:&quot;classic&quot;}\">\n\t\t\t<div class=\"elementor-widget-wrap elementor-element-populated\">\n\t\t\t\t\t\t<div class=\"elementor-element elementor-element-d424233 elementor-widget elementor-widget-spacer\" data-id=\"d424233\" data-element_type=\"widget\" data-e-type=\"widget\" data-widget_type=\"spacer.default\">\n\t\t\t\t<div class=\"elementor-widget-container\">\n\t\t\t\t\t\t\t<div class=\"elementor-spacer\">\n\t\t\t<div class=\"elementor-spacer-inner\"><\/div>\n\t\t<\/div>\n\t\t\t\t\t\t<\/div>\n\t\t\t\t<\/div>\n\t\t\t\t\t<\/div>\n\t\t<\/div>\n\t\t\t\t\t<\/div>\n\t\t<\/section>\n\t\t\t\t<\/div>\n\t\t","protected":false},"excerpt":{"rendered":"<p>TALES OF THE PLACE Discover the beauty of the place, its cultural richness, and the diversity of attractions you can visit, through our blog articles.<\/p>\n","protected":false},"author":1,"featured_media":0,"parent":0,"menu_order":0,"comment_status":"closed","ping_status":"closed","template":"","meta":{"inline_featured_image":false,"footnotes":""},"class_list":["post-3025","page","type-page","status-publish","hentry"],"_links":{"self":[{"href":"https:\/\/poianamucenicului.ro\/en\/wp-json\/wp\/v2\/pages\/3025","targetHints":{"allow":["GET"]}}],"collection":[{"href":"https:\/\/poianamucenicului.ro\/en\/wp-json\/wp\/v2\/pages"}],"about":[{"href":"https:\/\/poianamucenicului.ro\/en\/wp-json\/wp\/v2\/types\/page"}],"author":[{"embeddable":true,"href":"https:\/\/poianamucenicului.ro\/en\/wp-json\/wp\/v2\/users\/1"}],"replies":[{"embeddable":true,"href":"https:\/\/poianamucenicului.ro\/en\/wp-json\/wp\/v2\/comments?post=3025"}],"version-history":[{"count":27,"href":"https:\/\/poianamucenicului.ro\/en\/wp-json\/wp\/v2\/pages\/3025\/revisions"}],"predecessor-version":[{"id":3958,"href":"https:\/\/poianamucenicului.ro\/en\/wp-json\/wp\/v2\/pages\/3025\/revisions\/3958"}],"wp:attachment":[{"href":"https:\/\/poianamucenicului.ro\/en\/wp-json\/wp\/v2\/media?parent=3025"}],"curies":[{"name":"wp","href":"https:\/\/api.w.org\/{rel}","templated":true}]}}